{"id":13673,"date":"2021-01-25T21:50:59","date_gmt":"2021-01-25T20:50:59","guid":{"rendered":"https:\/\/hyresbo.se\/about-the-website\/"},"modified":"2025-11-21T09:34:12","modified_gmt":"2025-11-21T08:34:12","slug":"about-the-website","status":"publish","type":"page","link":"https:\/\/hyresbo.se\/en\/about-the-website\/","title":{"rendered":"About the Website"},"content":{"rendered":"\t\t<div data-elementor-type=\"wp-page\" data-elementor-id=\"13673\" class=\"elementor elementor-13673 elementor-2353\" data-elementor-post-type=\"page\">\n\t\t\t\t<div class=\"elementor-element elementor-element-4772f947 e-flex e-con-boxed e-con e-parent\" data-id=\"4772f947\" data-element_type=\"container\" data-e-type=\"container\" data-settings=\"{&quot;jet_parallax_layout_list&quot;:[]}\">\n\t\t\t\t\t<div class=\"e-con-inner\">\n\t\t\t\t<div class=\"elementor-element elementor-element-04af43e elementor-widget elementor-widget-heading\" data-id=\"04af43e\" data-element_type=\"widget\" data-e-type=\"widget\" data-widget_type=\"heading.default\">\n\t\t\t\t<div class=\"elementor-widget-container\">\n\t\t\t\t\t<h2 class=\"elementor-heading-title elementor-size-default\">About the website<\/h2>\t\t\t\t<\/div>\n\t\t\t\t<\/div>\n\t\t\t\t<div class=\"elementor-element elementor-element-22df3764 elementor-widget elementor-widget-text-editor\" data-id=\"22df3764\" data-element_type=\"widget\" data-e-type=\"widget\" data-widget_type=\"text-editor.default\">\n\t\t\t\t<div class=\"elementor-widget-container\">\n\t\t\t\t\t\t\t\t\t<p>Hyresbo.se is the official website of Falk\u00f6pings Hyresbost\u00e4der AB.<span class=\"Apple-converted-space\"> <\/span><\/p><h3>Images<\/h3><p>Hyresbost\u00e4der owns the rights to most images and graphics on the website. You may not use them without permission from us. Exceptions are made only if it is clearly stated that it is permitted to download and use the image.  <\/p><h3>Cookies<\/h3><p><a href=\"https:\/\/hyresbo.se\/en\/cookies\/\">Read about Cookies<\/a><\/p><h3>Personal Data<\/h3><p><a href=\"https:\/\/hyresbo.se\/integritetspolicy\/\">Read about how we process personal data.<\/a><\/p><h3>Accessibility<\/h3><p><a href=\"https:\/\/hyresbo.se\/tillganglighetsredogorelse\/\">Here you can read our accessibility statement.<\/a><\/p>\t\t\t\t\t\t\t\t<\/div>\n\t\t\t\t<\/div>\n\t\t\t\t\t<\/div>\n\t\t\t\t<\/div>\n\t\t\t\t<\/div>\n\t\t","protected":false},"excerpt":{"rendered":"<p>About the website Hyresbo.se is the official website of Falk\u00f6pings Hyresbost\u00e4der AB. Images Hyresbost\u00e4der owns the rights to most images and graphics on the website. You may not use them without permission from us. Exceptions are made only if it is clearly stated that it is permitted to download and use the image. Cookies Read [&hellip;]<\/p>\n","protected":false},"author":2,"featured_media":0,"parent":0,"menu_order":1,"comment_status":"closed","ping_status":"closed","template":"elementor_header_footer","meta":{"footnotes":""},"class_list":["post-13673","page","type-page","status-publish","hentry"],"_links":{"self":[{"href":"https:\/\/hyresbo.se\/en\/wp-json\/wp\/v2\/pages\/13673","targetHints":{"allow":["GET"]}}],"collection":[{"href":"https:\/\/hyresbo.se\/en\/wp-json\/wp\/v2\/pages"}],"about":[{"href":"https:\/\/hyresbo.se\/en\/wp-json\/wp\/v2\/types\/page"}],"author":[{"embeddable":true,"href":"https:\/\/hyresbo.se\/en\/wp-json\/wp\/v2\/users\/2"}],"replies":[{"embeddable":true,"href":"https:\/\/hyresbo.se\/en\/wp-json\/wp\/v2\/comments?post=13673"}],"version-history":[{"count":1,"href":"https:\/\/hyresbo.se\/en\/wp-json\/wp\/v2\/pages\/13673\/revisions"}],"predecessor-version":[{"id":13678,"href":"https:\/\/hyresbo.se\/en\/wp-json\/wp\/v2\/pages\/13673\/revisions\/13678"}],"wp:attachment":[{"href":"https:\/\/hyresbo.se\/en\/wp-json\/wp\/v2\/media?parent=13673"}],"curies":[{"name":"wp","href":"https:\/\/api.w.org\/{rel}","templated":true}]}}