{"id":13819,"date":"2021-01-25T21:33:57","date_gmt":"2021-01-25T20:33:57","guid":{"rendered":"https:\/\/hyresbo.se\/accessibility-statement\/"},"modified":"2025-11-21T09:36:18","modified_gmt":"2025-11-21T08:36:18","slug":"accessibility-statement","status":"publish","type":"page","link":"https:\/\/hyresbo.se\/en\/accessibility-statement\/","title":{"rendered":"Accessibility Statement"},"content":{"rendered":"\t\t<div data-elementor-type=\"wp-page\" data-elementor-id=\"13819\" class=\"elementor elementor-13819 elementor-2344\" data-elementor-post-type=\"page\">\n\t\t\t\t<div class=\"elementor-element elementor-element-1a331459 e-flex e-con-boxed e-con e-parent\" data-id=\"1a331459\" data-element_type=\"container\" data-e-type=\"container\" data-settings=\"{&quot;jet_parallax_layout_list&quot;:[]}\">\n\t\t\t\t\t<div class=\"e-con-inner\">\n\t\t\t\t<div class=\"elementor-element elementor-element-22fd2c7 elementor-widget elementor-widget-heading\" data-id=\"22fd2c7\" data-element_type=\"widget\" data-e-type=\"widget\" data-widget_type=\"heading.default\">\n\t\t\t\t<div class=\"elementor-widget-container\">\n\t\t\t\t\t<h2 class=\"elementor-heading-title elementor-size-default\">Accessibility Statement<\/h2>\t\t\t\t<\/div>\n\t\t\t\t<\/div>\n\t\t\t\t<div class=\"elementor-element elementor-element-65aa261d elementor-widget elementor-widget-text-editor\" data-id=\"65aa261d\" data-element_type=\"widget\" data-e-type=\"widget\" data-widget_type=\"text-editor.default\">\n\t\t\t\t<div class=\"elementor-widget-container\">\n\t\t\t\t\t\t\t\t\t<h2>Accessibility for Website, Falk\u00f6pings Hyresbost\u00e4der AB<\/h2>\n<h3>About the Website<\/h3>\nHyresbo.se is the official website of Falk\u00f6pings Hyresbost\u00e4der.\nWe want as many people as possible to be able to use the website. This document describes how the Website for Hyresbost\u00e4der complies with the <i>Act on Accessibility to Digital Public Services<\/i>, any known accessibility issues, and how you can report deficiencies\/feedback to us so that we can address them. \n\nThe website hyresbo.se includes the following underlying websites:\n<ul>\n \t<li><a href=\"https:\/\/fabm.hyresbo.se\" target=\"_blank\" rel=\"noopener noreferrer\"><b>fabm.hyresbo.se<\/b><\/a><\/li>\n \t<li><a href=\"https:\/\/minasidor.hyresbo.se\" target=\"_blank\" rel=\"noopener noreferrer\"><b>minasidor.hyresbo.se<\/b><\/a><\/li>\n<\/ul>\n<h3>How Accessible is the Website?<\/h3>\nWe are aware that parts of the website are not fully accessible. Below you will find information about accessibility issues you may encounter, which we are also working continuously to resolve. \n<ul>\n \t<li>Due to insufficient contrast between different colors on certain headings and objects, it may be difficult to read certain texts for those with visual impairments.<\/li>\n \t<li>There are PDF files that are not accessibility-adapted and cannot be read aloud by screen reading tools. Our ambition is to address this. <\/li>\n \t<li>Some of our images lack alternative text. Therefore, a screen reading tool may miss information. Our ambition is to address the accessibility issues for our images (exception: floor plans).  <\/li>\n \t<li>Floor plans of available apartments are published in image format and are not accessibility-adapted, therefore they cannot be read aloud by screen reading tools. See heading on disproportionate burden below. <\/li>\n \t<li>Since we have separate systems for our login section (<a href=\"https:\/\/minasidor.hyresbo.se\" target=\"_blank\" rel=\"noopener noreferrer\">minasidor.hyresbo.se<\/a>) and our general website (<a href=\"https:\/\/hyresbo.se\/en\/\" target=\"_blank\" rel=\"noopener noreferrer\">hyresbo.se<\/a>), there may be differences in functionality, appearance, and accessibility in some cases.<\/li>\n<\/ul>\n<h3>Your Feedback is Important<\/h3>\nWe always want to improve, and this also applies to the accessibility of our website. If you have discovered problems that are not described on this page or if you believe that hyresbo.se does not meet the requirements of the law, please contact us <b> <\/b>as described below. This also applies if you need content from <a href=\"https:\/\/hyresbo.se\/en\/\">hyresbo.se<\/a> that is not accessible to you, but which is exempt from the scope of the law according to the description, you can contact us as described below. \n<h4>Contact Us<\/h4>\nYou can contact us in the following ways:<b><span class=\"Apple-converted-space\"> <\/span><\/b>\n<ul>\n \t<li>Send email to <a href=\"mailto:info@hyresbo.se\">info@hyresbo.se<\/a><span class=\"Apple-converted-space\"> <\/span><\/li>\n \t<li>Call 0515-88 75 50<\/li>\n<\/ul>\nResponse time for email is normally 2-3 days.<b><span class=\"Apple-converted-space\"> <\/span><\/b>\n<h3><b><\/b>Disproportionate Burden<span class=\"Apple-converted-space\"> <\/span><\/h3>\nFalk\u00f6pings Hyresbost\u00e4der AB invokes the exception for disproportionate burden according to Section 12 of the Act on Accessibility to Digital Public Services on the following grounds regarding these parts:\n<ul>\n \t<li>Floor plans we provide for available apartments in PDF\/image format are not accessibility-adapted.<span class=\"Apple-converted-space\"> <\/span><\/li>\n<\/ul>\n<h3>Testing of Accessibility<\/h3>\nWe have used a tool for self-assessment review of our website. To always have the latest updates for digital accessibility on our website, we collaborate with our supplier.  <b>\n<\/b>\n<h3>Supervision<\/h3>\nThe Swedish Agency for Digital Government is responsible for supervision of the Act on Accessibility to Digital Public Services. If you are not satisfied with how we handle your feedback, you can contact the Swedish Agency for Digital Government and report it. <b> <\/b><b><\/b>\n\nThe statement was last updated on February 9, 2021.\t\t\t\t\t\t\t\t<\/div>\n\t\t\t\t<\/div>\n\t\t\t\t\t<\/div>\n\t\t\t\t<\/div>\n\t\t\t\t<\/div>\n\t\t","protected":false},"excerpt":{"rendered":"<p>Accessibility Statement Accessibility for Website, Falk\u00f6pings Hyresbost\u00e4der AB About the Website Hyresbo.se is the official website of Falk\u00f6pings Hyresbost\u00e4der. We want as many people as possible to be able to use the website. This document describes how the Website for Hyresbost\u00e4der complies with the Act on Accessibility to Digital Public Services, any known accessibility issues, [&hellip;]<\/p>\n","protected":false},"author":2,"featured_media":0,"parent":0,"menu_order":2,"comment_status":"closed","ping_status":"closed","template":"elementor_header_footer","meta":{"footnotes":""},"class_list":["post-13819","page","type-page","status-publish","hentry"],"_links":{"self":[{"href":"https:\/\/hyresbo.se\/en\/wp-json\/wp\/v2\/pages\/13819","targetHints":{"allow":["GET"]}}],"collection":[{"href":"https:\/\/hyresbo.se\/en\/wp-json\/wp\/v2\/pages"}],"about":[{"href":"https:\/\/hyresbo.se\/en\/wp-json\/wp\/v2\/types\/page"}],"author":[{"embeddable":true,"href":"https:\/\/hyresbo.se\/en\/wp-json\/wp\/v2\/users\/2"}],"replies":[{"embeddable":true,"href":"https:\/\/hyresbo.se\/en\/wp-json\/wp\/v2\/comments?post=13819"}],"version-history":[{"count":1,"href":"https:\/\/hyresbo.se\/en\/wp-json\/wp\/v2\/pages\/13819\/revisions"}],"predecessor-version":[{"id":13820,"href":"https:\/\/hyresbo.se\/en\/wp-json\/wp\/v2\/pages\/13819\/revisions\/13820"}],"wp:attachment":[{"href":"https:\/\/hyresbo.se\/en\/wp-json\/wp\/v2\/media?parent=13819"}],"curies":[{"name":"wp","href":"https:\/\/api.w.org\/{rel}","templated":true}]}}