{"id":14563,"date":"2024-04-15T15:51:36","date_gmt":"2024-04-15T13:51:36","guid":{"rendered":"https:\/\/hyresbo.se\/dashboard\/"},"modified":"2026-03-10T12:32:13","modified_gmt":"2026-03-10T11:32:13","slug":"dashboard","status":"publish","type":"page","link":"https:\/\/hyresbo.se\/en\/dashboard\/","title":{"rendered":"Dashboard"},"content":{"rendered":"\t\t<div data-elementor-type=\"wp-page\" data-elementor-id=\"14563\" class=\"elementor elementor-14563 elementor-6251\" data-elementor-post-type=\"page\">\n\t\t\t\t<div class=\"elementor-element elementor-element-15fb68b e-flex e-con-boxed e-con e-parent\" data-id=\"15fb68b\" data-element_type=\"container\" data-e-type=\"container\" data-settings=\"{&quot;jet_parallax_layout_list&quot;:[],&quot;background_background&quot;:&quot;classic&quot;}\">\n\t\t\t\t\t<div class=\"e-con-inner\">\n\t\t<div class=\"elementor-element elementor-element-84ae4f8 e-flex e-con-boxed e-con e-child\" data-id=\"84ae4f8\" data-element_type=\"container\" data-e-type=\"container\" data-settings=\"{&quot;jet_parallax_layout_list&quot;:[],&quot;background_background&quot;:&quot;classic&quot;}\">\n\t\t\t\t\t<div class=\"e-con-inner\">\n\t\t<div class=\"elementor-element elementor-element-1edc58c0 e-con-full e-flex e-con e-child\" data-id=\"1edc58c0\" data-element_type=\"container\" data-e-type=\"container\" data-settings=\"{&quot;jet_parallax_layout_list&quot;:[]}\">\n\t\t\t\t<div class=\"elementor-element elementor-element-489203f jet-nav-align-flex-start elementor-widget elementor-widget-jet-nav-menu\" data-id=\"489203f\" data-element_type=\"widget\" data-e-type=\"widget\" data-widget_type=\"jet-nav-menu.default\">\n\t\t\t\t<div class=\"elementor-widget-container\">\n\t\t\t\t\t<nav class=\"jet-nav-wrap m-layout-mobile jet-mobile-menu jet-mobile-menu--default\" data-mobile-trigger-device=\"mobile\" data-mobile-layout=\"default\">\n<div class=\"jet-nav__mobile-trigger jet-nav-mobile-trigger-align-left\">\n\t<span class=\"jet-nav__mobile-trigger-open jet-blocks-icon\"><i aria-hidden=\"true\" class=\"fas fa-bars\"><\/i><\/span>\t<span class=\"jet-nav__mobile-trigger-close jet-blocks-icon\"><i aria-hidden=\"true\" class=\"fas fa-times\"><\/i><\/span><\/div><\/nav>\t\t\t\t<\/div>\n\t\t\t\t<\/div>\n\t\t\t\t<\/div>\n\t\t<div class=\"elementor-element elementor-element-762f9d44 e-flex e-con-boxed e-con e-child\" data-id=\"762f9d44\" data-element_type=\"container\" data-e-type=\"container\" data-settings=\"{&quot;jet_parallax_layout_list&quot;:[]}\">\n\t\t\t\t\t<div class=\"e-con-inner\">\n\t\t\t\t<div class=\"elementor-element elementor-element-363ba9a elementor-cta--skin-cover elementor-widget elementor-widget-call-to-action\" data-id=\"363ba9a\" data-element_type=\"widget\" data-e-type=\"widget\" data-widget_type=\"call-to-action.default\">\n\t\t\t\t<div class=\"elementor-widget-container\">\n\t\t\t\t\t\t\t<div class=\"elementor-cta\">\n\t\t\t\t\t<div class=\"elementor-cta__bg-wrapper\">\n\t\t\t\t<div class=\"elementor-cta__bg elementor-bg\" style=\"background-image: url(https:\/\/hyresbo.se\/wp-content\/uploads\/2026\/03\/LIN6043-scaled.jpg);\" role=\"img\" aria-label=\"_LIN6043\"><\/div>\n\t\t\t\t<div class=\"elementor-cta__bg-overlay\"><\/div>\n\t\t\t<\/div>\n\t\t\t\t\t\t\t<div class=\"elementor-cta__content\">\n\t\t\t\t\n\t\t\t\t\n\t\t\t\t\t\t\t\t\t<div class=\"elementor-cta__description elementor-cta__content-item elementor-content-item\">\n\t\t\t\t\t\t<h2>Welcome back!\ud83d\ude00<\/h2><br>What would you like to do today?\n<br><br><br><br><br><br>\t\t\t\t\t<\/div>\n\t\t\t\t\n\t\t\t\t\t\t\t\t\t<div class=\"elementor-cta__button-wrapper elementor-cta__content-item elementor-content-item \">\n\t\t\t\t\t<a class=\"elementor-cta__button elementor-button elementor-size-\" href=\"https:\/\/hyresbo.se\/loggain\/?action=logout&#038;_wpnonce=5a3867b8c6\">\n\t\t\t\t\t\tLog Out\t\t\t\t\t<\/a>\n\t\t\t\t\t<\/div>\n\t\t\t\t\t\t\t<\/div>\n\t\t\t\t\t\t\t<div class=\"elementor-ribbon\">\n\t\t\t\t<div class=\"elementor-ribbon-inner\">\n\t\t\t\t\tHousing\t\t\t\t<\/div>\n\t\t\t<\/div>\n\t\t\t\t<\/div>\n\t\t\t\t\t\t<\/div>\n\t\t\t\t<\/div>\n\t\t\t\t\t<\/div>\n\t\t\t\t<\/div>\n\t\t\t\t\t<\/div>\n\t\t\t\t<\/div>\n\t\t\t\t\t<\/div>\n\t\t\t\t<\/div>\n\t\t\t\t<\/div>\n\t\t","protected":false},"excerpt":{"rendered":"<p>Dashboard Mina nyheter L\u00e4gg till nyhet Min personal L\u00e4gg till personal Mina omr\u00e5den L\u00e4gg till omr\u00e5de Welcome back!\ud83d\ude00 What would you like to do today? Log Out Housing<\/p>\n","protected":false},"author":2,"featured_media":0,"parent":0,"menu_order":0,"comment_status":"closed","ping_status":"closed","template":"elementor_header_footer","meta":{"footnotes":""},"class_list":["post-14563","page","type-page","status-publish","hentry"],"_links":{"self":[{"href":"https:\/\/hyresbo.se\/en\/wp-json\/wp\/v2\/pages\/14563","targetHints":{"allow":["GET"]}}],"collection":[{"href":"https:\/\/hyresbo.se\/en\/wp-json\/wp\/v2\/pages"}],"about":[{"href":"https:\/\/hyresbo.se\/en\/wp-json\/wp\/v2\/types\/page"}],"author":[{"embeddable":true,"href":"https:\/\/hyresbo.se\/en\/wp-json\/wp\/v2\/users\/2"}],"replies":[{"embeddable":true,"href":"https:\/\/hyresbo.se\/en\/wp-json\/wp\/v2\/comments?post=14563"}],"version-history":[{"count":2,"href":"https:\/\/hyresbo.se\/en\/wp-json\/wp\/v2\/pages\/14563\/revisions"}],"predecessor-version":[{"id":14575,"href":"https:\/\/hyresbo.se\/en\/wp-json\/wp\/v2\/pages\/14563\/revisions\/14575"}],"wp:attachment":[{"href":"https:\/\/hyresbo.se\/en\/wp-json\/wp\/v2\/media?parent=14563"}],"curies":[{"name":"wp","href":"https:\/\/api.w.org\/{rel}","templated":true}]}}